{"id":66,"date":"2022-02-24T16:54:47","date_gmt":"2022-02-24T15:54:47","guid":{"rendered":"https:\/\/umanikulturgut.de.preview.web11.greensta.de\/shop\/?post_type=product&#038;p=66"},"modified":"2026-03-25T18:03:54","modified_gmt":"2026-03-25T17:03:54","slug":"bio-soja-tempeh-natur-200g","status":"publish","type":"product","link":"https:\/\/umanikulturgut.de\/shop\/produkt\/bio-soja-tempeh-natur-200g\/","title":{"rendered":"Bio Soja-Tempeh Natur 200g"},"content":{"rendered":"<p><strong>Zutaten<\/strong>: Sojabohnen* (99%, Deutsche Landwirtschaft), S\u00e4uerungsmittel (Milchs\u00e4ure), Rhizopus Kulturen. Kann Spuren von\u00a0<b>Lupine<\/b>, <b>Senf<\/b> oder <b>Gluten <\/b>enthalten. * aus kontrolliert biologischem Anbau.<\/p>\n<p><strong>Geschmacksprofil<\/strong>: Nussig, umami.<\/p>\n<p><strong>Konsistenz<\/strong>: Schnittfest mit sanftem Biss der gesch\u00e4lten Sojabohnen.<\/p>\n<p><strong>Verwendung<\/strong>: Unser Bio Soja-Tempeh ist besonders vielseitig einsetzbar und hervorragend zum Marinieren geeignet. Es f\u00fcgt sich harmonisch in Gerichte wie Gem\u00fcsepfannen, Salate oder Burger ein, gerieben als veganes Hack-Ersatz f\u00fcr Bolognese, macht sich aber auch hervorragend als Pizzabelag oder in Suppen. \u00dcberraschend lecker: Probiere unseren Tempeh auch karamellisiert z.B. in S\u00fc\u00dfspeisen!<\/p>\n<p><strong>Zubereitung<\/strong>: Der Tempeh kann beispielsweise roh verzehrt werden oder in \u00d6l goldbraun angebraten und mit Tamari abgel\u00f6scht werden. Weitere Zubereitungsmethoden umfassen das Marinieren, Backen oder Grillen. Leckere Tipps zur Tempeh-Zubereitung findest du auf unserer Webseite unter <a href=\"http:\/\/www.umanikulturgut.de\/zubereitung\/\">Zubereitung<\/a>.<\/p>\n<p><strong>Haltbarkeit<\/strong>: Nach Lieferung bei 2-7 \u00b0C mindestens 3 Wochen. Zur mehrmonatigen Aufbewahrung empfehlen wir den Tempeh tiefzuk\u00fchlen.<\/p>\n","protected":false},"excerpt":{"rendered":"<p>Bio Soja-Tempeh aus deutschen Sojabohnen.<\/p>\n","protected":false},"featured_media":1504,"comment_status":"open","ping_status":"closed","template":"","meta":{"site-sidebar-layout":"default","site-content-layout":"default","ast-site-content-layout":"default","site-content-style":"default","site-sidebar-style":"default","ast-global-header-display":"","ast-banner-title-visibility":"","ast-main-header-display":"","ast-hfb-above-header-display":"","ast-hfb-below-header-display":"","ast-hfb-mobile-header-display":"","site-post-title":"","ast-breadcrumbs-content":"","ast-featured-img":"","footer-sml-layout":"","ast-disable-related-posts":"","theme-transparent-header-meta":"default","adv-header-id-meta":"","stick-header-meta":"","header-above-stick-meta":"","header-main-stick-meta":"","header-below-stick-meta":"","astra-migrate-meta-layouts":"set","ast-page-background-enabled":"default","ast-page-background-meta":{"desktop":{"background-color":"var(--ast-global-color-4)","background-image":"","background-repeat":"repeat","background-position":"center center","background-size":"auto","background-attachment":"scroll","background-type":"","background-media":"","overlay-type":"","overlay-color":"","overlay-opacity":"","overlay-gradient":""},"tablet":{"background-color":"","background-image":"","background-repeat":"repeat","background-position":"center center","background-size":"auto","background-attachment":"scroll","background-type":"","background-media":"","overlay-type":"","overlay-color":"","overlay-opacity":"","overlay-gradient":""},"mobile":{"background-color":"","background-image":"","background-repeat":"repeat","background-position":"center center","background-size":"auto","background-attachment":"scroll","background-type":"","background-media":"","overlay-type":"","overlay-color":"","overlay-opacity":"","overlay-gradient":""}},"ast-content-background-meta":{"desktop":{"background-color":"var(--ast-global-color-5)","background-image":"","background-repeat":"repeat","background-position":"center center","background-size":"auto","background-attachment":"scroll","background-type":"","background-media":"","overlay-type":"","overlay-color":"","overlay-opacity":"","overlay-gradient":""},"tablet":{"background-color":"var(--ast-global-color-5)","background-image":"","background-repeat":"repeat","background-position":"center center","background-size":"auto","background-attachment":"scroll","background-type":"","background-media":"","overlay-type":"","overlay-color":"","overlay-opacity":"","overlay-gradient":""},"mobile":{"background-color":"var(--ast-global-color-5)","background-image":"","background-repeat":"repeat","background-position":"center center","background-size":"auto","background-attachment":"scroll","background-type":"","background-media":"","overlay-type":"","overlay-color":"","overlay-opacity":"","overlay-gradient":""}}},"product_brand":[],"product_cat":[17,21,26],"product_tag":[],"class_list":{"0":"post-66","1":"product","2":"type-product","3":"status-publish","4":"has-post-thumbnail","6":"product_cat-tempeh","7":"product_cat-soja-tempeh","8":"product_cat-natur","9":"product_shipping_class-kuehlpflichtig","10":"desktop-align-left","11":"tablet-align-left","12":"mobile-align-left","14":"first","15":"outofstock","16":"taxable","17":"shipping-taxable","18":"purchasable","19":"product-type-simple"},"jetpack_sharing_enabled":true,"_links":{"self":[{"href":"https:\/\/umanikulturgut.de\/shop\/wp-json\/wp\/v2\/product\/66","targetHints":{"allow":["GET"]}}],"collection":[{"href":"https:\/\/umanikulturgut.de\/shop\/wp-json\/wp\/v2\/product"}],"about":[{"href":"https:\/\/umanikulturgut.de\/shop\/wp-json\/wp\/v2\/types\/product"}],"replies":[{"embeddable":true,"href":"https:\/\/umanikulturgut.de\/shop\/wp-json\/wp\/v2\/comments?post=66"}],"wp:featuredmedia":[{"embeddable":true,"href":"https:\/\/umanikulturgut.de\/shop\/wp-json\/wp\/v2\/media\/1504"}],"wp:attachment":[{"href":"https:\/\/umanikulturgut.de\/shop\/wp-json\/wp\/v2\/media?parent=66"}],"wp:term":[{"taxonomy":"product_brand","embeddable":true,"href":"https:\/\/umanikulturgut.de\/shop\/wp-json\/wp\/v2\/product_brand?post=66"},{"taxonomy":"product_cat","embeddable":true,"href":"https:\/\/umanikulturgut.de\/shop\/wp-json\/wp\/v2\/product_cat?post=66"},{"taxonomy":"product_tag","embeddable":true,"href":"https:\/\/umanikulturgut.de\/shop\/wp-json\/wp\/v2\/product_tag?post=66"}],"curies":[{"name":"wp","href":"https:\/\/api.w.org\/{rel}","templated":true}]}}