{"id":490,"date":"2026-01-26T00:00:53","date_gmt":"2026-01-25T23:00:53","guid":{"rendered":"https:\/\/umanikulturgut.de\/shop\/?post_type=product&#038;p=490"},"modified":"2026-03-25T18:01:46","modified_gmt":"2026-03-25T17:01:46","slug":"bio-aka-miso-160g","status":"publish","type":"product","link":"https:\/\/umanikulturgut.de\/shop\/produkt\/bio-aka-miso-160g\/","title":{"rendered":"Bio Aka-Miso 160g"},"content":{"rendered":"<p><strong>Aka Miso \u2013 Handwerklich aus Leipzig<\/strong><\/p>\n<p><strong>Kulinarische Tiefe entdecken<\/strong>: Aka-Miso (rotes Miso) ist ein essenzieller Bestandteil der japanischen K\u00fcche und bekannt f\u00fcr seine intensiven, vielschichtigen Aromen. Es verleiht deinen Lieblingsgerichten eine einzigartige Tiefe und Umami-Note. Besonders eignet es sich f\u00fcr Marinaden, Currys, Suppen, Saucen, Dips, Aufstriche oder f\u00fcr kreative K\u00fcchenideen \u2013 deiner Fantasie sind keine Grenzen gesetzt!<\/p>\n<p><strong>Qualit\u00e4t aus Leipzig<\/strong>: Unser Aka-Miso reift mindestens ein Jahr lang, um sein komplexes Umami-Aroma zu entfalten. Das Aka-Miso bleibt unpasteurisiert, um seinen authentischen Geschmack und probiotische Eigenschaften zu bewahren. Hergestellt wird es in unserer Leipziger Manufaktur \u2013 aus nur drei Zutaten (plus Starterkultur und Wasser):<\/p>\n<p><b>Zutaten<\/b>: Wasser, Sojabohnen* (Deutschland), Reis* (Europa), Salz, A. Oryzae (Koji-Kultur). Kann Spuren von <b>Lupine<\/b>,<b> Senf<\/b> oder<b> Gluten<\/b> enthalten. *aus kontrolliert biologischem Anbau.<\/p>\n<p><b>Haltbarkeit<\/b>: Bei einer Temperatur von 2-7 \u00b0C ist das Produkt mindestens 7 Monate haltbar.<\/p>\n","protected":false},"excerpt":{"rendered":"<p>Gib deinen Lieblingsgerichten eine extra Portion Tiefe und Umami! Ob Marinaden, Currys, Suppen, Saucen, Dips oder Aufstriche \u2013 Aka-Miso verleiht jedem Gericht eine unvergleichliche Geschmacksnote. Handwerklich nach traditioneller Art in Leipzig hergestellt.<\/p>\n","protected":false},"featured_media":491,"comment_status":"open","ping_status":"closed","template":"","meta":{"site-sidebar-layout":"default","site-content-layout":"default","ast-site-content-layout":"default","site-content-style":"default","site-sidebar-style":"default","ast-global-header-display":"","ast-banner-title-visibility":"","ast-main-header-display":"","ast-hfb-above-header-display":"","ast-hfb-below-header-display":"","ast-hfb-mobile-header-display":"","site-post-title":"","ast-breadcrumbs-content":"","ast-featured-img":"","footer-sml-layout":"","ast-disable-related-posts":"","theme-transparent-header-meta":"default","adv-header-id-meta":"","stick-header-meta":"","header-above-stick-meta":"","header-main-stick-meta":"","header-below-stick-meta":"","astra-migrate-meta-layouts":"set","ast-page-background-enabled":"default","ast-page-background-meta":{"desktop":{"background-color":"var(--ast-global-color-4)","background-image":"","background-repeat":"repeat","background-position":"center center","background-size":"auto","background-attachment":"scroll","background-type":"","background-media":"","overlay-type":"","overlay-color":"","overlay-opacity":"","overlay-gradient":""},"tablet":{"background-color":"","background-image":"","background-repeat":"repeat","background-position":"center center","background-size":"auto","background-attachment":"scroll","background-type":"","background-media":"","overlay-type":"","overlay-color":"","overlay-opacity":"","overlay-gradient":""},"mobile":{"background-color":"","background-image":"","background-repeat":"repeat","background-position":"center center","background-size":"auto","background-attachment":"scroll","background-type":"","background-media":"","overlay-type":"","overlay-color":"","overlay-opacity":"","overlay-gradient":""}},"ast-content-background-meta":{"desktop":{"background-color":"var(--ast-global-color-5)","background-image":"","background-repeat":"repeat","background-position":"center center","background-size":"auto","background-attachment":"scroll","background-type":"","background-media":"","overlay-type":"","overlay-color":"","overlay-opacity":"","overlay-gradient":""},"tablet":{"background-color":"var(--ast-global-color-5)","background-image":"","background-repeat":"repeat","background-position":"center center","background-size":"auto","background-attachment":"scroll","background-type":"","background-media":"","overlay-type":"","overlay-color":"","overlay-opacity":"","overlay-gradient":""},"mobile":{"background-color":"var(--ast-global-color-5)","background-image":"","background-repeat":"repeat","background-position":"center center","background-size":"auto","background-attachment":"scroll","background-type":"","background-media":"","overlay-type":"","overlay-color":"","overlay-opacity":"","overlay-gradient":""}}},"product_brand":[],"product_cat":[24],"product_tag":[],"class_list":{"0":"post-490","1":"product","2":"type-product","3":"status-publish","4":"has-post-thumbnail","6":"product_cat-miso","7":"product_shipping_class-kuehlpflichtig","8":"desktop-align-left","9":"tablet-align-left","10":"mobile-align-left","12":"first","13":"outofstock","14":"taxable","15":"shipping-taxable","16":"purchasable","17":"product-type-simple"},"jetpack_sharing_enabled":true,"_links":{"self":[{"href":"https:\/\/umanikulturgut.de\/shop\/wp-json\/wp\/v2\/product\/490","targetHints":{"allow":["GET"]}}],"collection":[{"href":"https:\/\/umanikulturgut.de\/shop\/wp-json\/wp\/v2\/product"}],"about":[{"href":"https:\/\/umanikulturgut.de\/shop\/wp-json\/wp\/v2\/types\/product"}],"replies":[{"embeddable":true,"href":"https:\/\/umanikulturgut.de\/shop\/wp-json\/wp\/v2\/comments?post=490"}],"wp:featuredmedia":[{"embeddable":true,"href":"https:\/\/umanikulturgut.de\/shop\/wp-json\/wp\/v2\/media\/491"}],"wp:attachment":[{"href":"https:\/\/umanikulturgut.de\/shop\/wp-json\/wp\/v2\/media?parent=490"}],"wp:term":[{"taxonomy":"product_brand","embeddable":true,"href":"https:\/\/umanikulturgut.de\/shop\/wp-json\/wp\/v2\/product_brand?post=490"},{"taxonomy":"product_cat","embeddable":true,"href":"https:\/\/umanikulturgut.de\/shop\/wp-json\/wp\/v2\/product_cat?post=490"},{"taxonomy":"product_tag","embeddable":true,"href":"https:\/\/umanikulturgut.de\/shop\/wp-json\/wp\/v2\/product_tag?post=490"}],"curies":[{"name":"wp","href":"https:\/\/api.w.org\/{rel}","templated":true}]}}