{"id":425,"date":"2023-05-06T14:37:07","date_gmt":"2023-05-06T12:37:07","guid":{"rendered":"https:\/\/umanikulturgut.de\/shop\/?post_type=product&#038;p=425"},"modified":"2026-03-25T18:02:51","modified_gmt":"2026-03-25T17:02:51","slug":"bio-lupinen-tempeh-curry-230g","status":"publish","type":"product","link":"https:\/\/umanikulturgut.de\/shop\/produkt\/bio-lupinen-tempeh-curry-230g\/","title":{"rendered":"Bio Lupinen-Tempeh Curry 230g"},"content":{"rendered":"<p><b>Zutaten<\/b>: Lupinen* (Deutschland), Wasser, Raps\u00f6l*, Zwiebel*, Zitronensaft*, Salz, R\u00fcbenzucker*, Knoblauch*, Gew\u00fcrzmischung*, S\u00e4uerungsmittel (Milchs\u00e4ure), Rhizopus Kulturen. Kann Spuren von <b>Soja<\/b>,<b> Senf<\/b> oder<b> Gluten<\/b> enthalten. * aus kontrolliert biologischem Anbau.<\/p>\n<p><b>Geschmack<\/b>: Herzhaft-nussig und umami mit milder Curry Note.<\/p>\n<p><b>Konsistenz<\/b>: Schnittfest, saftig mit leichtem Biss der gesch\u00e4lten und geschroteten Lupinen-Samen.<\/p>\n<p><b>Verwendung<\/b>: Unser Bio Soja-Tempeh Curry ist ein vielseitiges Talent und ideal f\u00fcr Gerichte der asiatischen K\u00fcche. Es erg\u00e4nzt perfekt Curry-Gerichte, Gem\u00fcsevariationen und Salate, kann aber auch einfach aufs Brot gelegt werden.<\/p>\n<p><b>Zubereitung<\/b>: F\u00fcr ein optimales Geschmackserlebnis den Tempeh in \u00d6l goldbraun anbraten. Alternativ kann er auch frisch aus der Packung genossen oder nach Belieben gebacken, gegrillt oder frittiert werden. Weitere kreative Ideen zur Tempeh-Zubereitung findest du unter <a href=\"http:\/\/www.umanikulturgut.de\/zubereitung\/\">Zubereitung<\/a>.<\/p>\n<p><b>Haltbarkeit<\/b>: Nach der Lieferung ist das Produkt bei einer Lagerung zwischen 2-7 \u00b0C f\u00fcr mindestens drei Wochen haltbar. F\u00fcr eine l\u00e4ngere Lagerung empfehlen wir, den Tempeh tiefzuk\u00fchlen.<\/p>\n","protected":false},"excerpt":{"rendered":"<p>Bio Lupinen-Tempeh aus deutschen Lupinen in Curry-Marinade.<\/p>\n","protected":false},"featured_media":1500,"comment_status":"open","ping_status":"closed","template":"","meta":{"site-sidebar-layout":"default","site-content-layout":"default","ast-site-content-layout":"default","site-content-style":"default","site-sidebar-style":"default","ast-global-header-display":"","ast-banner-title-visibility":"","ast-main-header-display":"","ast-hfb-above-header-display":"","ast-hfb-below-header-display":"","ast-hfb-mobile-header-display":"","site-post-title":"","ast-breadcrumbs-content":"","ast-featured-img":"","footer-sml-layout":"","ast-disable-related-posts":"","theme-transparent-header-meta":"default","adv-header-id-meta":"","stick-header-meta":"","header-above-stick-meta":"","header-main-stick-meta":"","header-below-stick-meta":"","astra-migrate-meta-layouts":"set","ast-page-background-enabled":"default","ast-page-background-meta":{"desktop":{"background-color":"var(--ast-global-color-4)","background-image":"","background-repeat":"repeat","background-position":"center center","background-size":"auto","background-attachment":"scroll","background-type":"","background-media":"","overlay-type":"","overlay-color":"","overlay-opacity":"","overlay-gradient":""},"tablet":{"background-color":"","background-image":"","background-repeat":"repeat","background-position":"center center","background-size":"auto","background-attachment":"scroll","background-type":"","background-media":"","overlay-type":"","overlay-color":"","overlay-opacity":"","overlay-gradient":""},"mobile":{"background-color":"","background-image":"","background-repeat":"repeat","background-position":"center center","background-size":"auto","background-attachment":"scroll","background-type":"","background-media":"","overlay-type":"","overlay-color":"","overlay-opacity":"","overlay-gradient":""}},"ast-content-background-meta":{"desktop":{"background-color":"var(--ast-global-color-5)","background-image":"","background-repeat":"repeat","background-position":"center center","background-size":"auto","background-attachment":"scroll","background-type":"","background-media":"","overlay-type":"","overlay-color":"","overlay-opacity":"","overlay-gradient":""},"tablet":{"background-color":"var(--ast-global-color-5)","background-image":"","background-repeat":"repeat","background-position":"center center","background-size":"auto","background-attachment":"scroll","background-type":"","background-media":"","overlay-type":"","overlay-color":"","overlay-opacity":"","overlay-gradient":""},"mobile":{"background-color":"var(--ast-global-color-5)","background-image":"","background-repeat":"repeat","background-position":"center center","background-size":"auto","background-attachment":"scroll","background-type":"","background-media":"","overlay-type":"","overlay-color":"","overlay-opacity":"","overlay-gradient":""}}},"product_brand":[],"product_cat":[16,17,70,129],"product_tag":[],"class_list":{"0":"post-425","1":"product","2":"type-product","3":"status-publish","4":"has-post-thumbnail","6":"product_cat-lupinen-tempeh","7":"product_cat-tempeh","8":"product_cat-curry","9":"product_cat-tempeh-ohne-soja","10":"product_shipping_class-kuehlpflichtig","11":"desktop-align-left","12":"tablet-align-left","13":"mobile-align-left","15":"first","16":"outofstock","17":"taxable","18":"shipping-taxable","19":"purchasable","20":"product-type-simple"},"jetpack_sharing_enabled":true,"_links":{"self":[{"href":"https:\/\/umanikulturgut.de\/shop\/wp-json\/wp\/v2\/product\/425","targetHints":{"allow":["GET"]}}],"collection":[{"href":"https:\/\/umanikulturgut.de\/shop\/wp-json\/wp\/v2\/product"}],"about":[{"href":"https:\/\/umanikulturgut.de\/shop\/wp-json\/wp\/v2\/types\/product"}],"replies":[{"embeddable":true,"href":"https:\/\/umanikulturgut.de\/shop\/wp-json\/wp\/v2\/comments?post=425"}],"wp:featuredmedia":[{"embeddable":true,"href":"https:\/\/umanikulturgut.de\/shop\/wp-json\/wp\/v2\/media\/1500"}],"wp:attachment":[{"href":"https:\/\/umanikulturgut.de\/shop\/wp-json\/wp\/v2\/media?parent=425"}],"wp:term":[{"taxonomy":"product_brand","embeddable":true,"href":"https:\/\/umanikulturgut.de\/shop\/wp-json\/wp\/v2\/product_brand?post=425"},{"taxonomy":"product_cat","embeddable":true,"href":"https:\/\/umanikulturgut.de\/shop\/wp-json\/wp\/v2\/product_cat?post=425"},{"taxonomy":"product_tag","embeddable":true,"href":"https:\/\/umanikulturgut.de\/shop\/wp-json\/wp\/v2\/product_tag?post=425"}],"curies":[{"name":"wp","href":"https:\/\/api.w.org\/{rel}","templated":true}]}}