{"id":31,"date":"2021-11-05T14:50:35","date_gmt":"2021-11-05T13:50:35","guid":{"rendered":"https:\/\/umanikulturgut.de.preview.web11.greensta.de\/shop\/?post_type=product&#038;p=31"},"modified":"2026-05-09T11:36:28","modified_gmt":"2026-05-09T09:36:28","slug":"bio-lupinen-tempeh-mediterran-230g","status":"publish","type":"product","link":"https:\/\/umanikulturgut.de\/shop\/produkt\/bio-lupinen-tempeh-mediterran-230g\/","title":{"rendered":"Bio Lupinen-Tempeh Mediterran 230g"},"content":{"rendered":"<p><b>Zutaten<\/b>: <b>Lupinen<\/b>* (Deutschland), Tamari*, Raps\u00f6l*, Tomatenmark*, Senf*, Knoblauch*, Rosmarin*, Thymian*, Paprika edels\u00fc\u00df*, Pfeffer*, S\u00e4uerungsmittel (Milchs\u00e4ure), Rhizopus Kulturen. Kann Spuren von <b>Soja<\/b>,<b> Senf<\/b> oder<b> Gluten<\/b> enthalten. * aus kontrolliert biologischem Anbau.<\/p>\n<p><b>Geschmack<\/b>: Entdecke das herzhaft-nussige und umami-reiche Aroma, verfeinert mit ausgew\u00e4hlten mediterranen Kr\u00e4utern. Abgerundet wird der Geschmack durch eine sanfte Knoblauch-Note und den tiefen Unterton von Tamari.<\/p>\n<p><b>Konsistenz<\/b>: Schnittfest, saftig mit leichtem Biss der gesch\u00e4lten und geschroteten Lupinen-Samen.<\/p>\n<p><b>Verwendung<\/b>: Dieses vielseitige Produkt eignet sich hervorragend f\u00fcr eine Vielzahl von Gerichten, insbesondere der mediterranen und europ\u00e4ischen K\u00fcche. Ob als Beilage zu Gem\u00fcse<strong>, <\/strong><strong>gerieben als <\/strong><strong>veganes <\/strong><strong>Hack-Ersatz <\/strong><strong>f\u00fcr Bolognese<\/strong>, auf knackigen Salaten, als schmackhafter Belag f\u00fcr Ihr Brot, in Burgern, auf Pizzen oder sogar als Suppeneinlage \u2013 die M\u00f6glichkeiten sind nahezu grenzenlos.<\/p>\n<p><b>Zubereitung<\/b>: F\u00fcr ein optimales Geschmackserlebnis den Tempeh in \u00d6l goldbraun anbraten. Alternativ kann er auch frisch aus der Packung genossen oder nach Belieben gebacken, gegrillt oder frittiert werden. Leckere Tipps und Tempeh-Rezepte findest du auf unserer Webseite unter <a href=\"http:\/\/www.umanikulturgut.de\/zubereitung\/\">www.umanikulturgut.de\/zubereitung<\/a>\/.<\/p>\n<p><b>Haltbarkeit<\/b>: Nach der Lieferung ist das Produkt bei einer Lagerung zwischen 2-7 \u00b0C f\u00fcr mindestens drei Wochen haltbar. F\u00fcr eine l\u00e4ngere Lagerung empfehlen wir, den Tempeh tiefzuk\u00fchlen.<\/p>\n","protected":false},"excerpt":{"rendered":"<p>Bio Lupinen-Tempeh aus deutschen Lupinen in mediterraner Marinade.<\/p>\n","protected":false},"featured_media":1497,"comment_status":"open","ping_status":"closed","template":"","meta":{"site-sidebar-layout":"default","site-content-layout":"default","ast-site-content-layout":"default","site-content-style":"default","site-sidebar-style":"default","ast-global-header-display":"","ast-banner-title-visibility":"","ast-main-header-display":"","ast-hfb-above-header-display":"","ast-hfb-below-header-display":"","ast-hfb-mobile-header-display":"","site-post-title":"","ast-breadcrumbs-content":"","ast-featured-img":"","footer-sml-layout":"","ast-disable-related-posts":"","theme-transparent-header-meta":"default","adv-header-id-meta":"","stick-header-meta":"","header-above-stick-meta":"","header-main-stick-meta":"","header-below-stick-meta":"","astra-migrate-meta-layouts":"set","ast-page-background-enabled":"default","ast-page-background-meta":{"desktop":{"background-color":"var(--ast-global-color-4)","background-image":"","background-repeat":"repeat","background-position":"center center","background-size":"auto","background-attachment":"scroll","background-type":"","background-media":"","overlay-type":"","overlay-color":"","overlay-opacity":"","overlay-gradient":""},"tablet":{"background-color":"","background-image":"","background-repeat":"repeat","background-position":"center center","background-size":"auto","background-attachment":"scroll","background-type":"","background-media":"","overlay-type":"","overlay-color":"","overlay-opacity":"","overlay-gradient":""},"mobile":{"background-color":"","background-image":"","background-repeat":"repeat","background-position":"center center","background-size":"auto","background-attachment":"scroll","background-type":"","background-media":"","overlay-type":"","overlay-color":"","overlay-opacity":"","overlay-gradient":""}},"ast-content-background-meta":{"desktop":{"background-color":"var(--ast-global-color-5)","background-image":"","background-repeat":"repeat","background-position":"center center","background-size":"auto","background-attachment":"scroll","background-type":"","background-media":"","overlay-type":"","overlay-color":"","overlay-opacity":"","overlay-gradient":""},"tablet":{"background-color":"var(--ast-global-color-5)","background-image":"","background-repeat":"repeat","background-position":"center center","background-size":"auto","background-attachment":"scroll","background-type":"","background-media":"","overlay-type":"","overlay-color":"","overlay-opacity":"","overlay-gradient":""},"mobile":{"background-color":"var(--ast-global-color-5)","background-image":"","background-repeat":"repeat","background-position":"center center","background-size":"auto","background-attachment":"scroll","background-type":"","background-media":"","overlay-type":"","overlay-color":"","overlay-opacity":"","overlay-gradient":""}}},"product_brand":[],"product_cat":[16,17,22],"product_tag":[],"class_list":{"0":"post-31","1":"product","2":"type-product","3":"status-publish","4":"has-post-thumbnail","6":"product_cat-lupinen-tempeh","7":"product_cat-tempeh","8":"product_cat-mediterran","9":"product_shipping_class-kuehlpflichtig","10":"desktop-align-left","11":"tablet-align-left","12":"mobile-align-left","14":"first","15":"outofstock","16":"taxable","17":"shipping-taxable","18":"purchasable","19":"product-type-simple"},"jetpack_sharing_enabled":true,"_links":{"self":[{"href":"https:\/\/umanikulturgut.de\/shop\/wp-json\/wp\/v2\/product\/31","targetHints":{"allow":["GET"]}}],"collection":[{"href":"https:\/\/umanikulturgut.de\/shop\/wp-json\/wp\/v2\/product"}],"about":[{"href":"https:\/\/umanikulturgut.de\/shop\/wp-json\/wp\/v2\/types\/product"}],"replies":[{"embeddable":true,"href":"https:\/\/umanikulturgut.de\/shop\/wp-json\/wp\/v2\/comments?post=31"}],"wp:featuredmedia":[{"embeddable":true,"href":"https:\/\/umanikulturgut.de\/shop\/wp-json\/wp\/v2\/media\/1497"}],"wp:attachment":[{"href":"https:\/\/umanikulturgut.de\/shop\/wp-json\/wp\/v2\/media?parent=31"}],"wp:term":[{"taxonomy":"product_brand","embeddable":true,"href":"https:\/\/umanikulturgut.de\/shop\/wp-json\/wp\/v2\/product_brand?post=31"},{"taxonomy":"product_cat","embeddable":true,"href":"https:\/\/umanikulturgut.de\/shop\/wp-json\/wp\/v2\/product_cat?post=31"},{"taxonomy":"product_tag","embeddable":true,"href":"https:\/\/umanikulturgut.de\/shop\/wp-json\/wp\/v2\/product_tag?post=31"}],"curies":[{"name":"wp","href":"https:\/\/api.w.org\/{rel}","templated":true}]}}