{"id":120,"date":"2026-01-19T11:19:23","date_gmt":"2026-01-19T10:19:23","guid":{"rendered":"https:\/\/umanikulturgut.de.preview.web11.greensta.de\/shop\/?post_type=product&#038;p=120"},"modified":"2026-03-25T18:02:18","modified_gmt":"2026-03-25T17:02:18","slug":"bio-soja-tempeh-bulgogi-225g","status":"publish","type":"product","link":"https:\/\/umanikulturgut.de\/shop\/produkt\/bio-soja-tempeh-bulgogi-225g\/","title":{"rendered":"Bio Soja-Tempeh Bulgogi 225g"},"content":{"rendered":"<p><b>Zutaten<\/b>: Sojabohnen* (Deutschland), Tamari*, Balsamico-Essig*, R\u00fcbenzucker*, Ingwer*, Knoblauch*, S\u00e4uerungsmittel (Milchs\u00e4ure), Rhizopus Kulturen. Kann Spuren von <b>Lupine<\/b>, <b>Senf<\/b> oder <b>Gluten<\/b> enthalten. * aus kontrolliert biologischem Anbau.<\/p>\n<p><strong>Geschmacksprofil: <\/strong>Unser Tempeh besticht durch eine herzhaft-nussige Note, angereichert mit dem Umami-Aroma einer kr\u00e4ftigen Tamari-Marinade. Leichte Ingwer- und Knoblauchw\u00fcrze wird durch die S\u00e4ure des Balsamico-Essigs und einer Prise Zucker harmonisch abgerundet.<\/p>\n<p><b>Konsistenz<\/b>: Schnittfest und mit sanftem Biss der gesch\u00e4lten Sojabohnen.<\/p>\n<p><b>Verwendung<\/b>: Dieser Tempeh ist eine vielseitige Erg\u00e4nzung f\u00fcr Ihre K\u00fcche. Er passt hervorragend zu asiatischen Gerichten wie Reis und Curry, eignet sich aber auch als Zutat f\u00fcr Gem\u00fcsepfannen, Salate, Sandwiches, Burger und sogar Suppen.<\/p>\n<p><b>Zubereitung<\/b>: F\u00fcr ein optimales Geschmackserlebnis den Tempeh in \u00d6l goldbraun anbraten. Alternativ kann er auch frisch aus der Packung genossen oder nach Belieben gebacken, gegrillt oder frittiert werden. Weitere kreative Ideen zur Tempeh-Zubereitung findest du unter <a href=\"http:\/\/www.umanikulturgut.de\/zubereitung\/\">Zubereitung<\/a>.<\/p>\n<p><b>Haltbarkeit<\/b>: Nach der Lieferung ist das Produkt bei einer Lagerung zwischen 2-7 \u00b0C f\u00fcr mindestens drei Wochen haltbar. F\u00fcr eine l\u00e4ngere Lagerung empfehlen wir, den Tempeh tiefzuk\u00fchlen.<\/p>\n","protected":false},"excerpt":{"rendered":"<p>Unser Soja-Tempeh erh\u00e4lt durch eine w\u00fcrzig-asiatische Bulgogi-Marinade seinen einzigartigen Geschmack. Die Bulgogi-Zubereitungsart, bekannt aus der koreanischen K\u00fcche, dient uns hierbei als Inspiration f\u00fcr ein authentisches Geschmackserlebnis.<\/p>\n","protected":false},"featured_media":1503,"comment_status":"open","ping_status":"closed","template":"","meta":{"site-sidebar-layout":"default","site-content-layout":"default","ast-site-content-layout":"default","site-content-style":"default","site-sidebar-style":"default","ast-global-header-display":"","ast-banner-title-visibility":"","ast-main-header-display":"","ast-hfb-above-header-display":"","ast-hfb-below-header-display":"","ast-hfb-mobile-header-display":"","site-post-title":"","ast-breadcrumbs-content":"","ast-featured-img":"","footer-sml-layout":"","ast-disable-related-posts":"","theme-transparent-header-meta":"default","adv-header-id-meta":"","stick-header-meta":"","header-above-stick-meta":"","header-main-stick-meta":"","header-below-stick-meta":"","astra-migrate-meta-layouts":"set","ast-page-background-enabled":"default","ast-page-background-meta":{"desktop":{"background-color":"var(--ast-global-color-4)","background-image":"","background-repeat":"repeat","background-position":"center center","background-size":"auto","background-attachment":"scroll","background-type":"","background-media":"","overlay-type":"","overlay-color":"","overlay-opacity":"","overlay-gradient":""},"tablet":{"background-color":"","background-image":"","background-repeat":"repeat","background-position":"center center","background-size":"auto","background-attachment":"scroll","background-type":"","background-media":"","overlay-type":"","overlay-color":"","overlay-opacity":"","overlay-gradient":""},"mobile":{"background-color":"","background-image":"","background-repeat":"repeat","background-position":"center center","background-size":"auto","background-attachment":"scroll","background-type":"","background-media":"","overlay-type":"","overlay-color":"","overlay-opacity":"","overlay-gradient":""}},"ast-content-background-meta":{"desktop":{"background-color":"var(--ast-global-color-5)","background-image":"","background-repeat":"repeat","background-position":"center center","background-size":"auto","background-attachment":"scroll","background-type":"","background-media":"","overlay-type":"","overlay-color":"","overlay-opacity":"","overlay-gradient":""},"tablet":{"background-color":"var(--ast-global-color-5)","background-image":"","background-repeat":"repeat","background-position":"center center","background-size":"auto","background-attachment":"scroll","background-type":"","background-media":"","overlay-type":"","overlay-color":"","overlay-opacity":"","overlay-gradient":""},"mobile":{"background-color":"var(--ast-global-color-5)","background-image":"","background-repeat":"repeat","background-position":"center center","background-size":"auto","background-attachment":"scroll","background-type":"","background-media":"","overlay-type":"","overlay-color":"","overlay-opacity":"","overlay-gradient":""}}},"product_brand":[],"product_cat":[17,21,23],"product_tag":[],"class_list":{"0":"post-120","1":"product","2":"type-product","3":"status-publish","4":"has-post-thumbnail","6":"product_cat-tempeh","7":"product_cat-soja-tempeh","8":"product_cat-bulgogi","9":"product_shipping_class-kuehlpflichtig","10":"desktop-align-left","11":"tablet-align-left","12":"mobile-align-left","14":"first","15":"outofstock","16":"taxable","17":"shipping-taxable","18":"purchasable","19":"product-type-simple"},"jetpack_sharing_enabled":true,"_links":{"self":[{"href":"https:\/\/umanikulturgut.de\/shop\/wp-json\/wp\/v2\/product\/120","targetHints":{"allow":["GET"]}}],"collection":[{"href":"https:\/\/umanikulturgut.de\/shop\/wp-json\/wp\/v2\/product"}],"about":[{"href":"https:\/\/umanikulturgut.de\/shop\/wp-json\/wp\/v2\/types\/product"}],"replies":[{"embeddable":true,"href":"https:\/\/umanikulturgut.de\/shop\/wp-json\/wp\/v2\/comments?post=120"}],"wp:featuredmedia":[{"embeddable":true,"href":"https:\/\/umanikulturgut.de\/shop\/wp-json\/wp\/v2\/media\/1503"}],"wp:attachment":[{"href":"https:\/\/umanikulturgut.de\/shop\/wp-json\/wp\/v2\/media?parent=120"}],"wp:term":[{"taxonomy":"product_brand","embeddable":true,"href":"https:\/\/umanikulturgut.de\/shop\/wp-json\/wp\/v2\/product_brand?post=120"},{"taxonomy":"product_cat","embeddable":true,"href":"https:\/\/umanikulturgut.de\/shop\/wp-json\/wp\/v2\/product_cat?post=120"},{"taxonomy":"product_tag","embeddable":true,"href":"https:\/\/umanikulturgut.de\/shop\/wp-json\/wp\/v2\/product_tag?post=120"}],"curies":[{"name":"wp","href":"https:\/\/api.w.org\/{rel}","templated":true}]}}